{"id":9,"date":"2024-07-26T09:23:10","date_gmt":"2024-07-26T07:23:10","guid":{"rendered":"https:\/\/czv-oacp-oaut.ch\/?page_id=9"},"modified":"2026-04-11T10:42:06","modified_gmt":"2026-04-11T08:42:06","slug":"admin-formation","status":"publish","type":"page","link":"https:\/\/oacp.diamsmedia.ch\/de\/admin-formation\/","title":{"rendered":"Admin-formation"},"content":{"rendered":"<div data-elementor-type=\"wp-post\" data-elementor-id=\"9\" class=\"elementor elementor-9\" data-elementor-post-type=\"page\">\n\t\t\t\t<div class=\"elementor-element elementor-element-75db1d7 e-flex e-con-boxed e-con e-parent\" data-id=\"75db1d7\" data-element_type=\"container\" data-e-type=\"container\">\n\t\t\t\t\t<div class=\"e-con-inner\">\n\t\t\t\t<div class=\"elementor-element elementor-element-47dc887 elementor-widget elementor-widget-shortcode\" data-id=\"47dc887\" data-element_type=\"widget\" data-e-type=\"widget\" data-widget_type=\"shortcode.default\">\n\t\t\t\t<div class=\"elementor-widget-container\">\n\t\t\t\t\t\t\t<div class=\"elementor-shortcode\"><div class=\"aco-alert aco-alert--danger\">Acc\u00e8s r\u00e9serv\u00e9 aux centres de formation.<\/div><\/div>\n\t\t\t\t\t\t<\/div>\n\t\t\t\t<\/div>\n\t\t\t\t<div class=\"elementor-element elementor-element-3da7be5 elementor-widget elementor-widget-shortcode\" data-id=\"3da7be5\" data-element_type=\"widget\" data-e-type=\"widget\" data-widget_type=\"shortcode.default\">\n\t\t\t\t<div class=\"elementor-widget-container\">\n\t\t\t\t\t\t\t<div class=\"elementor-shortcode\"><\/div>\n\t\t\t\t\t\t<\/div>\n\t\t\t\t<\/div>\n\t\t\t\t<div class=\"elementor-element elementor-element-ef5771c elementor-widget elementor-widget-shortcode\" data-id=\"ef5771c\" data-element_type=\"widget\" data-e-type=\"widget\" data-widget_type=\"shortcode.default\">\n\t\t\t\t<div class=\"elementor-widget-container\">\n\t\t\t\t\tLe champ personnalis\u00e9 a \u00e9t\u00e9 mis \u00e0 jour pour l'utilisateurLe champ personnalis\u00e9 a \u00e9t\u00e9 mis \u00e0 jour pour l'utilisateurLe champ personnalis\u00e9 a \u00e9t\u00e9 mis \u00e0 jour pour l'utilisateurLe champ personnalis\u00e9 a \u00e9t\u00e9 mis \u00e0 jour pour l'utilisateurLe champ personnalis\u00e9 a \u00e9t\u00e9 mis \u00e0 jour pour l'utilisateurLe champ personnalis\u00e9 a \u00e9t\u00e9 mis \u00e0 jour pour l'utilisateurLe champ personnalis\u00e9 a \u00e9t\u00e9 mis \u00e0 jour pour l'utilisateurLe champ personnalis\u00e9 a \u00e9t\u00e9 mis \u00e0 jour pour l'utilisateurLe champ personnalis\u00e9 a \u00e9t\u00e9 mis \u00e0 jour pour l'utilisateurLe champ personnalis\u00e9 a \u00e9t\u00e9 mis \u00e0 jour pour l'utilisateurLe champ personnalis\u00e9 a \u00e9t\u00e9 mis \u00e0 jour pour l'utilisateurLe champ personnalis\u00e9 a \u00e9t\u00e9 mis \u00e0 jour pour l'utilisateurLe champ personnalis\u00e9 a \u00e9t\u00e9 mis \u00e0 jour pour l'utilisateurLe champ personnalis\u00e9 a \u00e9t\u00e9 mis \u00e0 jour pour l'utilisateurLe champ personnalis\u00e9 a \u00e9t\u00e9 mis \u00e0 jour pour l'utilisateurLe champ personnalis\u00e9 a \u00e9t\u00e9 mis \u00e0 jour pour l'utilisateurLe champ personnalis\u00e9 a \u00e9t\u00e9 mis \u00e0 jour pour l'utilisateurLe champ personnalis\u00e9 a \u00e9t\u00e9 mis \u00e0 jour pour l'utilisateurLe champ personnalis\u00e9 a \u00e9t\u00e9 mis \u00e0 jour pour l'utilisateurLe champ personnalis\u00e9 a \u00e9t\u00e9 mis \u00e0 jour pour l'utilisateurLe champ personnalis\u00e9 a \u00e9t\u00e9 mis \u00e0 jour pour l'utilisateurLe champ personnalis\u00e9 a \u00e9t\u00e9 mis \u00e0 jour pour l'utilisateurLe champ personnalis\u00e9 a \u00e9t\u00e9 mis \u00e0 jour pour l'utilisateurLe champ personnalis\u00e9 a \u00e9t\u00e9 mis \u00e0 jour pour l'utilisateurLe champ personnalis\u00e9 a \u00e9t\u00e9 mis \u00e0 jour pour l'utilisateurLe champ personnalis\u00e9 a \u00e9t\u00e9 mis \u00e0 jour pour l'utilisateurLe champ personnalis\u00e9 a \u00e9t\u00e9 mis \u00e0 jour pour l'utilisateurLe champ personnalis\u00e9 a \u00e9t\u00e9 mis \u00e0 jour pour l'utilisateurLe champ personnalis\u00e9 a \u00e9t\u00e9 mis \u00e0 jour pour l'utilisateurLe champ personnalis\u00e9 a \u00e9t\u00e9 mis \u00e0 jour pour l'utilisateurLe champ personnalis\u00e9 a \u00e9t\u00e9 mis \u00e0 jour pour l'utilisateurLe champ personnalis\u00e9 a \u00e9t\u00e9 mis \u00e0 jour pour l'utilisateurLe champ personnalis\u00e9 a \u00e9t\u00e9 mis \u00e0 jour pour l'utilisateurLe champ personnalis\u00e9 a \u00e9t\u00e9 mis \u00e0 jour pour l'utilisateurLe champ personnalis\u00e9 a \u00e9t\u00e9 mis \u00e0 jour pour l'utilisateurLe champ personnalis\u00e9 a \u00e9t\u00e9 mis \u00e0 jour pour l'utilisateurLe champ personnalis\u00e9 a \u00e9t\u00e9 mis \u00e0 jour pour l'utilisateurLe champ personnalis\u00e9 a \u00e9t\u00e9 mis \u00e0 jour pour l'utilisateurLe champ personnalis\u00e9 a \u00e9t\u00e9 mis \u00e0 jour pour l'utilisateurLe champ personnalis\u00e9 a \u00e9t\u00e9 mis \u00e0 jour pour l'utilisateurLe champ personnalis\u00e9 a \u00e9t\u00e9 mis \u00e0 jour pour l'utilisateurLe champ personnalis\u00e9 a \u00e9t\u00e9 mis \u00e0 jour pour l'utilisateurLe champ personnalis\u00e9 a \u00e9t\u00e9 mis \u00e0 jour pour l'utilisateurLe champ personnalis\u00e9 a \u00e9t\u00e9 mis \u00e0 jour pour l'utilisateurLe champ personnalis\u00e9 a \u00e9t\u00e9 mis \u00e0 jour pour l'utilisateurLe champ personnalis\u00e9 a \u00e9t\u00e9 mis \u00e0 jour pour l'utilisateurLe champ personnalis\u00e9 a \u00e9t\u00e9 mis \u00e0 jour pour l'utilisateurLe champ personnalis\u00e9 a \u00e9t\u00e9 mis \u00e0 jour pour l'utilisateurLe champ personnalis\u00e9 a \u00e9t\u00e9 mis \u00e0 jour pour l'utilisateurLe champ personnalis\u00e9 a \u00e9t\u00e9 mis \u00e0 jour pour l'utilisateurLe champ personnalis\u00e9 a \u00e9t\u00e9 mis \u00e0 jour pour l'utilisateurLe champ personnalis\u00e9 a \u00e9t\u00e9 mis \u00e0 jour pour l'utilisateurLe champ personnalis\u00e9 a \u00e9t\u00e9 mis \u00e0 jour pour l'utilisateurLe champ personnalis\u00e9 a \u00e9t\u00e9 mis \u00e0 jour pour l'utilisateurLe champ personnalis\u00e9 a \u00e9t\u00e9 mis \u00e0 jour pour l'utilisateurLe champ personnalis\u00e9 a \u00e9t\u00e9 mis \u00e0 jour pour l'utilisateurLe champ personnalis\u00e9 a \u00e9t\u00e9 mis \u00e0 jour pour l'utilisateurLe champ personnalis\u00e9 a \u00e9t\u00e9 mis \u00e0 jour pour l'utilisateurLe champ personnalis\u00e9 a \u00e9t\u00e9 mis \u00e0 jour pour l'utilisateurLe champ personnalis\u00e9 a \u00e9t\u00e9 mis \u00e0 jour pour l'utilisateurLe champ personnalis\u00e9 a \u00e9t\u00e9 mis \u00e0 jour pour l'utilisateurLe champ personnalis\u00e9 a \u00e9t\u00e9 mis \u00e0 jour pour l'utilisateurLe champ personnalis\u00e9 a \u00e9t\u00e9 mis \u00e0 jour pour l'utilisateurLe champ personnalis\u00e9 a \u00e9t\u00e9 mis \u00e0 jour pour l'utilisateurLe champ personnalis\u00e9 a \u00e9t\u00e9 mis \u00e0 jour pour l'utilisateurLe champ personnalis\u00e9 a \u00e9t\u00e9 mis \u00e0 jour pour l'utilisateurLe champ personnalis\u00e9 a \u00e9t\u00e9 mis \u00e0 jour pour l'utilisateurLe champ personnalis\u00e9 a \u00e9t\u00e9 mis \u00e0 jour pour l'utilisateurLe champ personnalis\u00e9 a \u00e9t\u00e9 mis \u00e0 jour pour l'utilisateurLe champ personnalis\u00e9 a \u00e9t\u00e9 mis \u00e0 jour pour l'utilisateurLe champ personnalis\u00e9 a \u00e9t\u00e9 mis \u00e0 jour pour l'utilisateurLe champ personnalis\u00e9 a \u00e9t\u00e9 mis \u00e0 jour pour l'utilisateurLe champ personnalis\u00e9 a \u00e9t\u00e9 mis \u00e0 jour pour l'utilisateurLe champ personnalis\u00e9 a \u00e9t\u00e9 mis \u00e0 jour pour l'utilisateurLe champ personnalis\u00e9 a \u00e9t\u00e9 mis \u00e0 jour pour l'utilisateurLe champ personnalis\u00e9 a \u00e9t\u00e9 mis \u00e0 jour pour l'utilisateurLe champ personnalis\u00e9 a \u00e9t\u00e9 mis \u00e0 jour pour l'utilisateurLe champ personnalis\u00e9 a \u00e9t\u00e9 mis \u00e0 jour pour l'utilisateurLe champ personnalis\u00e9 a \u00e9t\u00e9 mis \u00e0 jour pour l'utilisateurLe champ personnalis\u00e9 a \u00e9t\u00e9 mis \u00e0 jour pour l'utilisateurLe champ personnalis\u00e9 a \u00e9t\u00e9 mis \u00e0 jour pour l'utilisateurLe champ personnalis\u00e9 a \u00e9t\u00e9 mis \u00e0 jour pour l'utilisateurLe champ personnalis\u00e9 a \u00e9t\u00e9 mis \u00e0 jour pour l'utilisateurLe champ personnalis\u00e9 a \u00e9t\u00e9 mis \u00e0 jour pour l'utilisateurLe champ personnalis\u00e9 a \u00e9t\u00e9 mis \u00e0 jour pour l'utilisateurLe champ personnalis\u00e9 a \u00e9t\u00e9 mis \u00e0 jour pour l'utilisateurLe champ personnalis\u00e9 a \u00e9t\u00e9 mis \u00e0 jour pour l'utilisateurLe champ personnalis\u00e9 a \u00e9t\u00e9 mis \u00e0 jour pour l'utilisateurLe champ personnalis\u00e9 a \u00e9t\u00e9 mis \u00e0 jour pour l'utilisateurLe champ personnalis\u00e9 a \u00e9t\u00e9 mis \u00e0 jour pour l'utilisateurLe champ personnalis\u00e9 a \u00e9t\u00e9 mis \u00e0 jour pour l'utilisateurLe champ personnalis\u00e9 a \u00e9t\u00e9 mis \u00e0 jour pour l'utilisateurLe champ personnalis\u00e9 a \u00e9t\u00e9 mis \u00e0 jour pour l'utilisateurLe champ personnalis\u00e9 a \u00e9t\u00e9 mis \u00e0 jour pour l'utilisateurLe champ personnalis\u00e9 a \u00e9t\u00e9 mis \u00e0 jour pour l'utilisateurLe champ personnalis\u00e9 a \u00e9t\u00e9 mis \u00e0 jour pour l'utilisateurLe champ personnalis\u00e9 a \u00e9t\u00e9 mis \u00e0 jour pour l'utilisateurLe champ personnalis\u00e9 a \u00e9t\u00e9 mis \u00e0 jour pour l'utilisateurLe champ personnalis\u00e9 a \u00e9t\u00e9 mis \u00e0 jour pour l'utilisateurLe champ personnalis\u00e9 a \u00e9t\u00e9 mis \u00e0 jour pour l'utilisateurLe champ personnalis\u00e9 a \u00e9t\u00e9 mis \u00e0 jour pour l'utilisateurLe champ personnalis\u00e9 a \u00e9t\u00e9 mis \u00e0 jour pour l'utilisateurLe champ personnalis\u00e9 a \u00e9t\u00e9 mis \u00e0 jour pour l'utilisateurLe champ personnalis\u00e9 a \u00e9t\u00e9 mis \u00e0 jour pour l'utilisateurLe champ personnalis\u00e9 a \u00e9t\u00e9 mis \u00e0 jour pour l'utilisateurLe champ personnalis\u00e9 a \u00e9t\u00e9 mis \u00e0 jour pour l'utilisateurLe champ personnalis\u00e9 a \u00e9t\u00e9 mis \u00e0 jour pour l'utilisateurLe champ personnalis\u00e9 a \u00e9t\u00e9 mis \u00e0 jour pour l'utilisateurLe champ personnalis\u00e9 a \u00e9t\u00e9 mis \u00e0 jour pour l'utilisateurLe champ personnalis\u00e9 a \u00e9t\u00e9 mis \u00e0 jour pour l'utilisateurLe champ personnalis\u00e9 a \u00e9t\u00e9 mis \u00e0 jour pour l'utilisateurLe champ personnalis\u00e9 a \u00e9t\u00e9 mis \u00e0 jour pour l'utilisateurLe champ personnalis\u00e9 a \u00e9t\u00e9 mis \u00e0 jour pour l'utilisateurLe champ personnalis\u00e9 a \u00e9t\u00e9 mis \u00e0 jour pour l'utilisateurLe champ personnalis\u00e9 a \u00e9t\u00e9 mis \u00e0 jour pour l'utilisateurLe champ personnalis\u00e9 a \u00e9t\u00e9 mis \u00e0 jour pour l'utilisateurLe champ personnalis\u00e9 a \u00e9t\u00e9 mis \u00e0 jour pour l'utilisateurLe champ personnalis\u00e9 a \u00e9t\u00e9 mis \u00e0 jour pour l'utilisateurLe champ personnalis\u00e9 a \u00e9t\u00e9 mis \u00e0 jour pour l'utilisateurLe champ personnalis\u00e9 a \u00e9t\u00e9 mis \u00e0 jour pour l'utilisateurLe champ personnalis\u00e9 a \u00e9t\u00e9 mis \u00e0 jour pour l'utilisateurLe champ personnalis\u00e9 a \u00e9t\u00e9 mis \u00e0 jour pour l'utilisateurLe champ personnalis\u00e9 a \u00e9t\u00e9 mis \u00e0 jour pour l'utilisateurLe champ personnalis\u00e9 a \u00e9t\u00e9 mis \u00e0 jour pour l'utilisateurLe champ personnalis\u00e9 a \u00e9t\u00e9 mis \u00e0 jour pour l'utilisateurLe champ personnalis\u00e9 a \u00e9t\u00e9 mis \u00e0 jour pour l'utilisateurLe champ personnalis\u00e9 a \u00e9t\u00e9 mis \u00e0 jour pour l'utilisateurLe champ personnalis\u00e9 a \u00e9t\u00e9 mis \u00e0 jour pour l'utilisateurLe champ personnalis\u00e9 a \u00e9t\u00e9 mis \u00e0 jour pour l'utilisateurLe champ personnalis\u00e9 a \u00e9t\u00e9 mis \u00e0 jour pour l'utilisateurLe champ personnalis\u00e9 a \u00e9t\u00e9 mis \u00e0 jour pour l'utilisateurLe champ personnalis\u00e9 a \u00e9t\u00e9 mis \u00e0 jour pour l'utilisateurLe champ personnalis\u00e9 a \u00e9t\u00e9 mis \u00e0 jour pour l'utilisateurLe champ personnalis\u00e9 a \u00e9t\u00e9 mis \u00e0 jour pour l'utilisateurLe champ personnalis\u00e9 a \u00e9t\u00e9 mis \u00e0 jour pour l'utilisateurLe champ personnalis\u00e9 a \u00e9t\u00e9 mis \u00e0 jour pour l'utilisateurLe champ personnalis\u00e9 a \u00e9t\u00e9 mis \u00e0 jour pour l'utilisateurLe champ personnalis\u00e9 a \u00e9t\u00e9 mis \u00e0 jour pour l'utilisateurLe champ personnalis\u00e9 a \u00e9t\u00e9 mis \u00e0 jour pour l'utilisateurLe champ personnalis\u00e9 a \u00e9t\u00e9 mis \u00e0 jour pour l'utilisateurLe champ personnalis\u00e9 a \u00e9t\u00e9 mis \u00e0 jour pour l'utilisateurLe champ personnalis\u00e9 a \u00e9t\u00e9 mis \u00e0 jour pour l'utilisateurLe champ personnalis\u00e9 a \u00e9t\u00e9 mis \u00e0 jour pour l'utilisateurLe champ personnalis\u00e9 a \u00e9t\u00e9 mis \u00e0 jour pour l'utilisateurLe champ personnalis\u00e9 a \u00e9t\u00e9 mis \u00e0 jour pour l'utilisateurLe champ personnalis\u00e9 a \u00e9t\u00e9 mis \u00e0 jour pour l'utilisateurLe champ personnalis\u00e9 a \u00e9t\u00e9 mis \u00e0 jour pour l'utilisateurLe champ personnalis\u00e9 a \u00e9t\u00e9 mis \u00e0 jour pour l'utilisateurLe champ personnalis\u00e9 a \u00e9t\u00e9 mis \u00e0 jour pour l'utilisateurLe champ personnalis\u00e9 a \u00e9t\u00e9 mis \u00e0 jour pour l'utilisateurLe champ personnalis\u00e9 a \u00e9t\u00e9 mis \u00e0 jour pour l'utilisateurLe champ personnalis\u00e9 a \u00e9t\u00e9 mis \u00e0 jour pour l'utilisateurLe champ personnalis\u00e9 a \u00e9t\u00e9 mis \u00e0 jour pour l'utilisateurLe champ personnalis\u00e9 a \u00e9t\u00e9 mis \u00e0 jour pour l'utilisateurLe champ personnalis\u00e9 a \u00e9t\u00e9 mis \u00e0 jour pour l'utilisateurLe champ personnalis\u00e9 a \u00e9t\u00e9 mis \u00e0 jour pour l'utilisateurLe champ personnalis\u00e9 a \u00e9t\u00e9 mis \u00e0 jour pour l'utilisateurLe champ personnalis\u00e9 a \u00e9t\u00e9 mis \u00e0 jour pour l'utilisateurLe champ personnalis\u00e9 a \u00e9t\u00e9 mis \u00e0 jour pour l'utilisateurLe champ personnalis\u00e9 a \u00e9t\u00e9 mis \u00e0 jour pour l'utilisateurLe champ personnalis\u00e9 a \u00e9t\u00e9 mis \u00e0 jour pour l'utilisateurLe champ personnalis\u00e9 a \u00e9t\u00e9 mis \u00e0 jour pour l'utilisateurLe champ personnalis\u00e9 a \u00e9t\u00e9 mis \u00e0 jour pour l'utilisateurLe champ personnalis\u00e9 a \u00e9t\u00e9 mis \u00e0 jour pour l'utilisateurLe champ personnalis\u00e9 a \u00e9t\u00e9 mis \u00e0 jour pour l'utilisateurLe champ personnalis\u00e9 a \u00e9t\u00e9 mis \u00e0 jour pour l'utilisateurLe champ personnalis\u00e9 a \u00e9t\u00e9 mis \u00e0 jour pour l'utilisateurLe champ personnalis\u00e9 a \u00e9t\u00e9 mis \u00e0 jour pour l'utilisateurLe champ personnalis\u00e9 a \u00e9t\u00e9 mis \u00e0 jour pour l'utilisateurLe champ personnalis\u00e9 a \u00e9t\u00e9 mis \u00e0 jour pour l'utilisateurLe champ personnalis\u00e9 a \u00e9t\u00e9 mis \u00e0 jour pour l'utilisateurLe champ personnalis\u00e9 a \u00e9t\u00e9 mis \u00e0 jour pour l'utilisateurLe champ personnalis\u00e9 a \u00e9t\u00e9 mis \u00e0 jour pour l'utilisateurLe champ personnalis\u00e9 a \u00e9t\u00e9 mis \u00e0 jour pour l'utilisateurLe champ personnalis\u00e9 a \u00e9t\u00e9 mis \u00e0 jour pour l'utilisateurLe champ personnalis\u00e9 a \u00e9t\u00e9 mis \u00e0 jour pour l'utilisateurLe champ personnalis\u00e9 a \u00e9t\u00e9 mis \u00e0 jour pour l'utilisateurLe champ personnalis\u00e9 a \u00e9t\u00e9 mis \u00e0 jour pour l'utilisateurLe champ personnalis\u00e9 a \u00e9t\u00e9 mis \u00e0 jour pour l'utilisateurLe champ personnalis\u00e9 a \u00e9t\u00e9 mis \u00e0 jour pour l'utilisateurLe champ personnalis\u00e9 a \u00e9t\u00e9 mis \u00e0 jour pour l'utilisateurLe champ personnalis\u00e9 a \u00e9t\u00e9 mis \u00e0 jour pour l'utilisateurLe champ personnalis\u00e9 a \u00e9t\u00e9 mis \u00e0 jour pour l'utilisateurLe champ personnalis\u00e9 a \u00e9t\u00e9 mis \u00e0 jour pour l'utilisateurLe champ personnalis\u00e9 a \u00e9t\u00e9 mis \u00e0 jour pour l'utilisateurLe champ personnalis\u00e9 a \u00e9t\u00e9 mis \u00e0 jour pour l'utilisateurLe champ personnalis\u00e9 a \u00e9t\u00e9 mis \u00e0 jour pour l'utilisateurLe champ personnalis\u00e9 a \u00e9t\u00e9 mis \u00e0 jour pour l'utilisateurLe champ personnalis\u00e9 a \u00e9t\u00e9 mis \u00e0 jour pour l'utilisateurLe champ personnalis\u00e9 a \u00e9t\u00e9 mis \u00e0 jour pour l'utilisateurLe champ personnalis\u00e9 a \u00e9t\u00e9 mis \u00e0 jour pour l'utilisateurLe champ personnalis\u00e9 a \u00e9t\u00e9 mis \u00e0 jour pour l'utilisateurLe champ personnalis\u00e9 a \u00e9t\u00e9 mis \u00e0 jour pour l'utilisateurLe champ personnalis\u00e9 a \u00e9t\u00e9 mis \u00e0 jour pour l'utilisateurLe champ personnalis\u00e9 a \u00e9t\u00e9 mis \u00e0 jour pour l'utilisateurLe champ personnalis\u00e9 a \u00e9t\u00e9 mis \u00e0 jour pour l'utilisateurLe champ personnalis\u00e9 a \u00e9t\u00e9 mis \u00e0 jour pour l'utilisateurLe champ personnalis\u00e9 a \u00e9t\u00e9 mis \u00e0 jour pour l'utilisateurLe champ personnalis\u00e9 a \u00e9t\u00e9 mis \u00e0 jour pour l'utilisateurLe champ personnalis\u00e9 a \u00e9t\u00e9 mis \u00e0 jour pour l'utilisateurLe champ personnalis\u00e9 a \u00e9t\u00e9 mis \u00e0 jour pour l'utilisateurLe champ personnalis\u00e9 a \u00e9t\u00e9 mis \u00e0 jour pour l'utilisateurLe champ personnalis\u00e9 a \u00e9t\u00e9 mis \u00e0 jour pour l'utilisateurLe champ personnalis\u00e9 a \u00e9t\u00e9 mis \u00e0 jour pour l'utilisateurLe champ personnalis\u00e9 a \u00e9t\u00e9 mis \u00e0 jour pour l'utilisateurLe champ personnalis\u00e9 a \u00e9t\u00e9 mis \u00e0 jour pour l'utilisateurLe champ personnalis\u00e9 a \u00e9t\u00e9 mis \u00e0 jour pour l'utilisateurLe champ personnalis\u00e9 a \u00e9t\u00e9 mis \u00e0 jour pour l'utilisateurLe champ personnalis\u00e9 a \u00e9t\u00e9 mis \u00e0 jour pour l'utilisateurLe champ personnalis\u00e9 a \u00e9t\u00e9 mis \u00e0 jour pour l'utilisateurLe champ personnalis\u00e9 a \u00e9t\u00e9 mis \u00e0 jour pour l'utilisateurLe champ personnalis\u00e9 a \u00e9t\u00e9 mis \u00e0 jour pour l'utilisateurLe champ personnalis\u00e9 a \u00e9t\u00e9 mis \u00e0 jour pour l'utilisateurLe champ personnalis\u00e9 a \u00e9t\u00e9 mis \u00e0 jour pour l'utilisateurLe champ personnalis\u00e9 a \u00e9t\u00e9 mis \u00e0 jour pour l'utilisateurLe champ personnalis\u00e9 a \u00e9t\u00e9 mis \u00e0 jour pour l'utilisateurLe champ personnalis\u00e9 a \u00e9t\u00e9 mis \u00e0 jour pour l'utilisateurLe champ personnalis\u00e9 a \u00e9t\u00e9 mis \u00e0 jour pour l'utilisateurLe champ personnalis\u00e9 a \u00e9t\u00e9 mis \u00e0 jour pour l'utilisateurLe champ personnalis\u00e9 a \u00e9t\u00e9 mis \u00e0 jour pour l'utilisateurLe champ personnalis\u00e9 a \u00e9t\u00e9 mis \u00e0 jour pour l'utilisateurLe champ personnalis\u00e9 a \u00e9t\u00e9 mis \u00e0 jour pour l'utilisateur\t\t<div class=\"elementor-shortcode\"><\/div>\n\t\t\t\t\t\t<\/div>\n\t\t\t\t<\/div>\n\t\t\t\t<div class=\"elementor-element elementor-element-9876d3f elementor-widget elementor-widget-heading\" data-id=\"9876d3f\" data-element_type=\"widget\" data-e-type=\"widget\" data-widget_type=\"heading.default\">\n\t\t\t\t<div class=\"elementor-widget-container\">\n\t\t\t\t\t<h2 class=\"elementor-heading-title elementor-size-default\">Willkommen auf Ihrem CZV\/CACP-Konto<\/h2>\t\t\t\t<\/div>\n\t\t\t\t<\/div>\n\t\t\t\t<div class=\"elementor-element elementor-element-2b51b6f elementor-widget elementor-widget-heading\" data-id=\"2b51b6f\" data-element_type=\"widget\" data-e-type=\"widget\" data-widget_type=\"heading.default\">\n\t\t\t\t<div class=\"elementor-widget-container\">\n\t\t\t\t\t<h6 class=\"elementor-heading-title elementor-size-default\">Wichtige Informationen \u00fcber die Funktionsweise der Plattform :<\/h6>\t\t\t\t<\/div>\n\t\t\t\t<\/div>\n\t\t\t\t<div class=\"elementor-element elementor-element-2de40e3 elementor-alert-danger elementor-widget elementor-widget-alert\" data-id=\"2de40e3\" data-element_type=\"widget\" data-e-type=\"widget\" data-widget_type=\"alert.default\">\n\t\t\t\t<div class=\"elementor-widget-container\">\n\t\t\t\t\t\t\t<div class=\"elementor-alert\" role=\"alert\">\n\n\t\t\t\t\t\t<span class=\"elementor-alert-title\">Aktualisierung der Informationsbl\u00e4tter :<\/span>\n\t\t\t\n\t\t\t\t\t\t<span class=\"elementor-alert-description\">Jede \u00c4nderung an Ihrem Steckbrief (Logo, Kontaktdaten, Beschreibung usw.) wird einmal pro Tag \u00fcber Nacht angewendet.<\/span>\n\t\t\t\n\t\t\t\t\t\t<button type=\"button\" class=\"elementor-alert-dismiss\" aria-label=\"Ignorieren Sie diese Warnung.\">\n\t\t\t\t\t\t\t\t\t<span aria-hidden=\"true\">\u00d7<\/span>\n\t\t\t\t\t\t\t<\/button>\n\t\t\t\n\t\t<\/div>\n\t\t\t\t\t\t<\/div>\n\t\t\t\t<\/div>\n\t\t\t\t<div class=\"elementor-element elementor-element-8d6cf3a elementor-alert-danger elementor-widget elementor-widget-alert\" data-id=\"8d6cf3a\" data-element_type=\"widget\" data-e-type=\"widget\" data-widget_type=\"alert.default\">\n\t\t\t\t<div class=\"elementor-widget-container\">\n\t\t\t\t\t\t\t<div class=\"elementor-alert\" role=\"alert\">\n\n\t\t\t\t\t\t<span class=\"elementor-alert-title\">Aktualisierung der Kurse :<\/span>\n\t\t\t\n\t\t\t\t\t\t<span class=\"elementor-alert-description\">Die Kurse werden viermal am Tag aktualisiert. Die genauen Zeiten der Aktualisierungen sind im Abschnitt \"Meine Kurse\" angegeben.<\/span>\n\t\t\t\n\t\t\t\t\t\t<button type=\"button\" class=\"elementor-alert-dismiss\" aria-label=\"Ignorieren Sie diese Warnung.\">\n\t\t\t\t\t\t\t\t\t<span aria-hidden=\"true\">\u00d7<\/span>\n\t\t\t\t\t\t\t<\/button>\n\t\t\t\n\t\t<\/div>\n\t\t\t\t\t\t<\/div>\n\t\t\t\t<\/div>\n\t\t\t\t<div class=\"elementor-element elementor-element-4eba7fc elementor-alert-danger elementor-widget elementor-widget-alert\" data-id=\"4eba7fc\" data-element_type=\"widget\" data-e-type=\"widget\" data-widget_type=\"alert.default\">\n\t\t\t\t<div class=\"elementor-widget-container\">\n\t\t\t\t\t\t\t<div class=\"elementor-alert\" role=\"alert\">\n\n\t\t\t\t\t\t<span class=\"elementor-alert-title\">Sichtbarkeit Ihres Eintrags :<\/span>\n\t\t\t\n\t\t\t\t\t\t<span class=\"elementor-alert-description\">Ihr Logo und Ihre detaillierten Informationen (Steckbrief) werden nur sichtbar sein, wenn Sie aktive Kurse auf der Plattform haben.\nWenn keine Kurse aktiv sind, erscheint nur der Name Ihres Zentrums (ohne anklickbaren Link) im Verzeichnis der Lernzentren.<\/span>\n\t\t\t\n\t\t\t\t\t\t<button type=\"button\" class=\"elementor-alert-dismiss\" aria-label=\"Ignorieren Sie diese Warnung.\">\n\t\t\t\t\t\t\t\t\t<span aria-hidden=\"true\">\u00d7<\/span>\n\t\t\t\t\t\t\t<\/button>\n\t\t\t\n\t\t<\/div>\n\t\t\t\t\t\t<\/div>\n\t\t\t\t<\/div>\n\t\t\t\t<div class=\"elementor-element elementor-element-16ad283 elementor-widget elementor-widget-heading\" data-id=\"16ad283\" data-element_type=\"widget\" data-e-type=\"widget\" data-widget_type=\"heading.default\">\n\t\t\t\t<div class=\"elementor-widget-container\">\n\t\t\t\t\t<h6 class=\"elementor-heading-title elementor-size-default\">F\u00fcgen Sie Ihre Kurse jetzt hinzu, um Ihre Sichtbarkeit zu maximieren!<\/h6>\t\t\t\t<\/div>\n\t\t\t\t<\/div>\n\t\t\t\t<div class=\"elementor-element elementor-element-3ad062d elementor-widget elementor-widget-button\" data-id=\"3ad062d\" data-element_type=\"widget\" data-e-type=\"widget\" data-widget_type=\"button.default\">\n\t\t\t\t<div class=\"elementor-widget-container\">\n\t\t\t\t\t\t\t\t\t<div class=\"elementor-button-wrapper\">\n\t\t\t\t\t<a class=\"elementor-button elementor-button-link elementor-size-sm\" href=\"https:\/\/oacp.diamsmedia.ch\/de\/admin-formation\/liste-cours-am\/\">\n\t\t\t\t\t\t<span class=\"elementor-button-content-wrapper\">\n\t\t\t\t\t\t\t\t\t<span class=\"elementor-button-text\">Kurs hinzuf\u00fcgen<\/span>\n\t\t\t\t\t<\/span>\n\t\t\t\t\t<\/a>\n\t\t\t\t<\/div>\n\t\t\t\t\t\t\t\t<\/div>\n\t\t\t\t<\/div>\n\t\t<div class=\"elementor-element elementor-element-32e7a7f e-con-full e-flex e-con e-child\" data-id=\"32e7a7f\" data-element_type=\"container\" data-e-type=\"container\">\n\t\t\t\t<div class=\"elementor-element elementor-element-db28f4b elementor-widget__width-initial elementor-widget elementor-widget-text-editor\" data-id=\"db28f4b\" data-element_type=\"widget\" data-e-type=\"widget\" data-widget_type=\"text-editor.default\">\n\t\t\t\t<div class=\"elementor-widget-container\">\n\t\t\t\t\t\t\t\t\t<p>Wenn Sie Fragen haben, k\u00f6nnen Sie sich mit dem Kontaktformular an unsere technische Abteilung wenden!<\/p><p>Vielen Dank und einen sch\u00f6nen Tag!<\/p>\t\t\t\t\t\t\t\t<\/div>\n\t\t\t\t<\/div>\n\t\t\t\t<\/div>\n\t\t\t\t\t<\/div>\n\t\t\t\t<\/div>\n\t\t\t\t<\/div>","protected":false},"excerpt":{"rendered":"<p>Bienvenue sur votre compte OACP\/CZV Informations importantes sur le fonctionnement de la plateforme : Mise \u00e0 jour des fiches d&rsquo;information : Toute modification de votre fiche d&rsquo;information (logo, coordonn\u00e9es, description, etc.) sera appliqu\u00e9e une fois par jour, pendant la nuit. &times; Mise \u00e0 jour des cours : Les cours sont actualis\u00e9s 4 fois par jour. [&hellip;]<\/p>\n","protected":false},"author":1,"featured_media":0,"parent":0,"menu_order":0,"comment_status":"closed","ping_status":"closed","template":"","meta":{"footnotes":""},"class_list":["post-9","page","type-page","status-publish","hentry"],"_links":{"self":[{"href":"https:\/\/oacp.diamsmedia.ch\/de\/wp-json\/wp\/v2\/pages\/9","targetHints":{"allow":["GET"]}}],"collection":[{"href":"https:\/\/oacp.diamsmedia.ch\/de\/wp-json\/wp\/v2\/pages"}],"about":[{"href":"https:\/\/oacp.diamsmedia.ch\/de\/wp-json\/wp\/v2\/types\/page"}],"author":[{"embeddable":true,"href":"https:\/\/oacp.diamsmedia.ch\/de\/wp-json\/wp\/v2\/users\/1"}],"replies":[{"embeddable":true,"href":"https:\/\/oacp.diamsmedia.ch\/de\/wp-json\/wp\/v2\/comments?post=9"}],"version-history":[{"count":62,"href":"https:\/\/oacp.diamsmedia.ch\/de\/wp-json\/wp\/v2\/pages\/9\/revisions"}],"predecessor-version":[{"id":6150,"href":"https:\/\/oacp.diamsmedia.ch\/de\/wp-json\/wp\/v2\/pages\/9\/revisions\/6150"}],"wp:attachment":[{"href":"https:\/\/oacp.diamsmedia.ch\/de\/wp-json\/wp\/v2\/media?parent=9"}],"curies":[{"name":"wp","href":"https:\/\/api.w.org\/{rel}","templated":true}]}}