{"id":40,"date":"2024-07-26T09:40:58","date_gmt":"2024-07-26T07:40:58","guid":{"rendered":"https:\/\/czv-oacp-oaut.ch\/?page_id=40"},"modified":"2026-03-17T22:36:21","modified_gmt":"2026-03-17T21:36:21","slug":"liste-cours","status":"publish","type":"page","link":"https:\/\/oacp.diamsmedia.ch\/de\/admin-formation\/liste-cours\/","title":{"rendered":"Liste cours"},"content":{"rendered":"<div data-elementor-type=\"wp-page\" data-elementor-id=\"40\" class=\"elementor elementor-40\" data-elementor-post-type=\"page\">\n\t\t\t\t<div class=\"elementor-element elementor-element-60c63dc e-flex e-con-boxed e-con e-parent\" data-id=\"60c63dc\" data-element_type=\"container\" data-e-type=\"container\">\n\t\t\t\t\t<div class=\"e-con-inner\">\n\t\t\t\t<div class=\"elementor-element elementor-element-373d574 elementor-widget elementor-widget-shortcode\" data-id=\"373d574\" data-element_type=\"widget\" data-e-type=\"widget\" data-widget_type=\"shortcode.default\">\n\t\t\t\t<div class=\"elementor-widget-container\">\n\t\t\t\t\t\t\t<div class=\"elementor-shortcode\"><div class=\"aco-alert aco-alert--danger\">Acc\u00e8s r\u00e9serv\u00e9 aux centres de formation.<\/div><\/div>\n\t\t\t\t\t\t<\/div>\n\t\t\t\t<\/div>\n\t\t\t\t\t<\/div>\n\t\t\t\t<\/div>\n\t\t\t\t<\/div>","protected":false},"excerpt":{"rendered":"","protected":false},"author":1,"featured_media":0,"parent":9,"menu_order":0,"comment_status":"closed","ping_status":"closed","template":"","meta":{"footnotes":""},"class_list":["post-40","page","type-page","status-publish","hentry"],"_links":{"self":[{"href":"https:\/\/oacp.diamsmedia.ch\/de\/wp-json\/wp\/v2\/pages\/40","targetHints":{"allow":["GET"]}}],"collection":[{"href":"https:\/\/oacp.diamsmedia.ch\/de\/wp-json\/wp\/v2\/pages"}],"about":[{"href":"https:\/\/oacp.diamsmedia.ch\/de\/wp-json\/wp\/v2\/types\/page"}],"author":[{"embeddable":true,"href":"https:\/\/oacp.diamsmedia.ch\/de\/wp-json\/wp\/v2\/users\/1"}],"replies":[{"embeddable":true,"href":"https:\/\/oacp.diamsmedia.ch\/de\/wp-json\/wp\/v2\/comments?post=40"}],"version-history":[{"count":179,"href":"https:\/\/oacp.diamsmedia.ch\/de\/wp-json\/wp\/v2\/pages\/40\/revisions"}],"predecessor-version":[{"id":6122,"href":"https:\/\/oacp.diamsmedia.ch\/de\/wp-json\/wp\/v2\/pages\/40\/revisions\/6122"}],"up":[{"embeddable":true,"href":"https:\/\/oacp.diamsmedia.ch\/de\/wp-json\/wp\/v2\/pages\/9"}],"wp:attachment":[{"href":"https:\/\/oacp.diamsmedia.ch\/de\/wp-json\/wp\/v2\/media?parent=40"}],"curies":[{"name":"wp","href":"https:\/\/api.w.org\/{rel}","templated":true}]}}