{"id":3,"date":"2024-07-26T08:56:02","date_gmt":"2024-07-26T06:56:02","guid":{"rendered":"https:\/\/czv-oacp-oaut.ch\/?page_id=3"},"modified":"2024-08-13T16:34:03","modified_gmt":"2024-08-13T14:34:03","slug":"politique-de-confidentialite","status":"publish","type":"page","link":"https:\/\/oacp.diamsmedia.ch\/de\/politique-de-confidentialite\/","title":{"rendered":"Datenschutzrichtlinie"},"content":{"rendered":"<div data-elementor-type=\"wp-page\" data-elementor-id=\"3\" class=\"elementor elementor-3\" data-elementor-post-type=\"page\">\n\t\t\t\t<div class=\"elementor-element elementor-element-132349e e-flex e-con-boxed e-con e-parent\" data-id=\"132349e\" data-element_type=\"container\" data-e-type=\"container\" data-settings=\"{&quot;background_background&quot;:&quot;classic&quot;}\">\n\t\t\t\t\t<div class=\"e-con-inner\">\n\t\t<div class=\"elementor-element elementor-element-a0b2e8b e-con-full e-flex e-con e-child\" data-id=\"a0b2e8b\" data-element_type=\"container\" data-e-type=\"container\" data-settings=\"{&quot;background_background&quot;:&quot;classic&quot;}\">\n\t\t\t\t<div class=\"elementor-element elementor-element-42f31fe elementor-widget elementor-widget-heading\" data-id=\"42f31fe\" data-element_type=\"widget\" data-e-type=\"widget\" data-widget_type=\"heading.default\">\n\t\t\t\t<div class=\"elementor-widget-container\">\n\t\t\t\t\t<h2 class=\"elementor-heading-title elementor-size-default\">DATENSCHUTZRICHTLINIE<\/h2>\t\t\t\t<\/div>\n\t\t\t\t<\/div>\n\t\t\t\t<div class=\"elementor-element elementor-element-9eb4939 elementor-widget elementor-widget-text-editor\" data-id=\"9eb4939\" data-element_type=\"widget\" data-e-type=\"widget\" data-widget_type=\"text-editor.default\">\n\t\t\t\t<div class=\"elementor-widget-container\">\n\t\t\t\t\t\t\t\t\t<p>Wir verarbeiten pers\u00f6nliche Daten, die w\u00e4hrend Ihres Besuchs auf oacp.ch gesammelt werden, gem\u00e4ss den anwendbaren schweizerischen gesetzlichen Bestimmungen.<br \/><br \/>Die Website www.oacp.ch enth\u00e4lt Links zu Websites anderer Anbieter, auf die diese Datenschutzerkl\u00e4rung keine Anwendung findet. Bitte nehmen Sie sich einen Moment Zeit, um das unten stehende Dokument zu lesen, in dem erkl\u00e4rt wird, wie wir Ihre pers\u00f6nlichen Daten verarbeiten.<\/p>\t\t\t\t\t\t\t\t<\/div>\n\t\t\t\t<\/div>\n\t\t\t\t<div class=\"elementor-element elementor-element-86f2d2c elementor-widget elementor-widget-heading\" data-id=\"86f2d2c\" data-element_type=\"widget\" data-e-type=\"widget\" data-widget_type=\"heading.default\">\n\t\t\t\t<div class=\"elementor-widget-container\">\n\t\t\t\t\t<h4 class=\"elementor-heading-title elementor-size-default\">1. Informationen \u00fcber die Erhebung personenbezogener Daten :<\/h4>\t\t\t\t<\/div>\n\t\t\t\t<\/div>\n\t\t\t\t<div class=\"elementor-element elementor-element-6cfdf33 elementor-widget elementor-widget-text-editor\" data-id=\"6cfdf33\" data-element_type=\"widget\" data-e-type=\"widget\" data-widget_type=\"text-editor.default\">\n\t\t\t\t<div class=\"elementor-widget-container\">\n\t\t\t\t\t\t\t\t\t<p>1.1 Diese Datenschutzrichtlinie beschreibt im Einzelnen den Prozess der Erfassung, Nutzung und Offenlegung von personenbezogenen Daten der Nutzer (\"Sie\") durch oacp.ch (\"wir\"), wenn diese die Website besuchen.<br \/>1.2 Personenbezogene Daten sind alle Informationen, die sich auf Ihre Person beziehen, wie z. B. Ihr Name, Ihre Postanschrift, Ihre E-Mail-Adresse, Ihre Telefonnummer oder Ihr Online-Verhalten.<br \/>1.3 Der Verantwortliche f\u00fcr die Datenverarbeitung ist Ypiresia, Postfach 107, 1971 Grimisuat. Alle Anfragen zum Datenschutz k\u00f6nnen an folgende Adresse gerichtet werden: info@oacp.ch<br \/>1.4 Das vorliegende Dokument ist Bestandteil der Allgemeinen Nutzungsbedingungen.<\/p>\t\t\t\t\t\t\t\t<\/div>\n\t\t\t\t<\/div>\n\t\t\t\t<div class=\"elementor-element elementor-element-1e3d980 elementor-widget elementor-widget-heading\" data-id=\"1e3d980\" data-element_type=\"widget\" data-e-type=\"widget\" data-widget_type=\"heading.default\">\n\t\t\t\t<div class=\"elementor-widget-container\">\n\t\t\t\t\t<h4 class=\"elementor-heading-title elementor-size-default\">2. Daten, die bei der blo\u00dfen Konsultation der Website durch die Nutzer gesammelt werden :<\/h4>\t\t\t\t<\/div>\n\t\t\t\t<\/div>\n\t\t\t\t<div class=\"elementor-element elementor-element-0bc6071 elementor-widget elementor-widget-text-editor\" data-id=\"0bc6071\" data-element_type=\"widget\" data-e-type=\"widget\" data-widget_type=\"text-editor.default\">\n\t\t\t\t<div class=\"elementor-widget-container\">\n\t\t\t\t\t\t\t\t\t<p>2.1 Bei der reinen computergest\u00fctzten Nutzung der Internetseite, d.h. wenn Sie uns keine weiteren Informationen \u00fcbermitteln, werden nur die Daten erhoben, die Ihr Browser an unseren Server \u00fcbermittelt. Wenn Sie unsere Internetseite besuchen m\u00f6chten, erheben wir die folgenden Informationen, die technisch erforderlich sind, damit die Seite angezeigt werden kann und um eine gewisse Stabilit\u00e4t und Sicherheit zu gew\u00e4hrleisten:<br \/>- IP-Adresse<br \/>- Datum und Uhrzeit der Anfrage<br \/>- Unterschied der Zeitzone zu Greenwich Mean Time (GMT)<br \/>- Inhalt der Suchanfragen (konkrete Seite)<br \/>- Zugriffsstatus \/ HTTP-Statuscode<br \/>- \u00dcbertragene Datenmenge<br \/>- Internetplattform, von der die Anfrage stammt<br \/>- Browser<br \/>- Betriebssystem und seine Schnittstelle<br \/>- Sprache und Version des Browsers<\/p>\t\t\t\t\t\t\t\t<\/div>\n\t\t\t\t<\/div>\n\t\t\t\t<div class=\"elementor-element elementor-element-f51f35c elementor-widget elementor-widget-heading\" data-id=\"f51f35c\" data-element_type=\"widget\" data-e-type=\"widget\" data-widget_type=\"heading.default\">\n\t\t\t\t<div class=\"elementor-widget-container\">\n\t\t\t\t\t<h4 class=\"elementor-heading-title elementor-size-default\">3. Datenerhebung bei Anmeldung :<\/h4>\t\t\t\t<\/div>\n\t\t\t\t<\/div>\n\t\t\t\t<div class=\"elementor-element elementor-element-c254267 elementor-widget elementor-widget-text-editor\" data-id=\"c254267\" data-element_type=\"widget\" data-e-type=\"widget\" data-widget_type=\"text-editor.default\">\n\t\t\t\t<div class=\"elementor-widget-container\">\n\t\t\t\t\t\t\t\t\t<p>3.1 Bei der Anmeldung als Inserent werden zus\u00e4tzlich zu den unter 2.1 genannten Daten die im Anmeldeformular angegebenen Daten und die freiwilligen Profildaten gespeichert. Diese Daten werden bis zur L\u00f6schung des Kontos gespeichert.<\/p>\t\t\t\t\t\t\t\t<\/div>\n\t\t\t\t<\/div>\n\t\t\t\t<div class=\"elementor-element elementor-element-13f14c4 elementor-widget elementor-widget-heading\" data-id=\"13f14c4\" data-element_type=\"widget\" data-e-type=\"widget\" data-widget_type=\"heading.default\">\n\t\t\t\t<div class=\"elementor-widget-container\">\n\t\t\t\t\t<h4 class=\"elementor-heading-title elementor-size-default\">4. Speicherung pers\u00f6nlicher Daten :<\/h4>\t\t\t\t<\/div>\n\t\t\t\t<\/div>\n\t\t\t\t<div class=\"elementor-element elementor-element-69d93d7 elementor-widget elementor-widget-text-editor\" data-id=\"69d93d7\" data-element_type=\"widget\" data-e-type=\"widget\" data-widget_type=\"text-editor.default\">\n\t\t\t\t<div class=\"elementor-widget-container\">\n\t\t\t\t\t\t\t\t\t<p>4.1. Die Daten werden grunds\u00e4tzlich in der Schweiz gespeichert. Sie k\u00f6nnen im Ausland gespeichert werden, aber in diesem Fall nur in einem Land, das ein angemessenes Datenschutzniveau gew\u00e4hrleistet, oder bei einem Partner, der sowohl dem EU-U.S. Privacy Shield als auch dem Swiss-U.S. Privacy Shield angeh\u00f6rt, welche Programme ein angemessenes Datenschutzniveau sowohl nach europ\u00e4ischem als auch nach schweizerischem Recht gew\u00e4hrleisten.<\/p>\t\t\t\t\t\t\t\t<\/div>\n\t\t\t\t<\/div>\n\t\t\t\t<div class=\"elementor-element elementor-element-b4735d9 elementor-widget elementor-widget-heading\" data-id=\"b4735d9\" data-element_type=\"widget\" data-e-type=\"widget\" data-widget_type=\"heading.default\">\n\t\t\t\t<div class=\"elementor-widget-container\">\n\t\t\t\t\t<h4 class=\"elementor-heading-title elementor-size-default\">5. Verwendung pers\u00f6nlicher Daten :<\/h4>\t\t\t\t<\/div>\n\t\t\t\t<\/div>\n\t\t\t\t<div class=\"elementor-element elementor-element-9a3b4e8 elementor-widget elementor-widget-text-editor\" data-id=\"9a3b4e8\" data-element_type=\"widget\" data-e-type=\"widget\" data-widget_type=\"text-editor.default\">\n\t\t\t\t<div class=\"elementor-widget-container\">\n\t\t\t\t\t\t\t\t\t<p>5.1. Nous n\u2019utilisons les donn\u00e9es personnelles que nous collectons \u00e0 votre sujet qu\u2019\u00e0 des fins sp\u00e9cifiques, notamment, sans que cela soit limitatif, pour vous offrir nos services, pour g\u00e9rer votre inscription et votre compte, y compris l\u2019acc\u00e8s au Site et son utilisation, afin de publier vos cours et photos. Les adresses mail sont transmisent aux centres de formations afin qu&rsquo;ils puissent prendre contact avec les clients. Elles ne sont visible que par les administrateurs des centre de formation et de la plateforme de r\u00e9servation.<\/p>\t\t\t\t\t\t\t\t<\/div>\n\t\t\t\t<\/div>\n\t\t\t\t<div class=\"elementor-element elementor-element-7537f8b elementor-widget elementor-widget-heading\" data-id=\"7537f8b\" data-element_type=\"widget\" data-e-type=\"widget\" data-widget_type=\"heading.default\">\n\t\t\t\t<div class=\"elementor-widget-container\">\n\t\t\t\t\t<h4 class=\"elementor-heading-title elementor-size-default\">6. Hyperlinks :<\/h4>\t\t\t\t<\/div>\n\t\t\t\t<\/div>\n\t\t\t\t<div class=\"elementor-element elementor-element-f559aa3 elementor-widget elementor-widget-text-editor\" data-id=\"f559aa3\" data-element_type=\"widget\" data-e-type=\"widget\" data-widget_type=\"text-editor.default\">\n\t\t\t\t<div class=\"elementor-widget-container\">\n\t\t\t\t\t\t\t\t\t<p>6.1. Die Website enth\u00e4lt Hyperlinks zu Websites, die nicht von oacp.ch betrieben werden. Diese Hyperlinks werden nur als Referenz und zur Erleichterung Ihrer Navigation bereitgestellt und bedeuten in keiner Weise, dass oacp.ch sich mit den Aktivit\u00e4ten dieser Webseiten verbindet oder irgendeine Beziehung zu deren Betreibern unterh\u00e4lt. Oacp.ch kontrolliert diese Websites nicht und kann nicht f\u00fcr die dort angewandten Datenpraktiken haftbar gemacht werden. Wir bitten Sie dringend, die Datenschutzerkl\u00e4rung der jeweiligen Website zu lesen, bevor Sie sie besuchen oder pers\u00f6nliche Daten oder andere Informationen \u00fcbermitteln.<\/p>\t\t\t\t\t\t\t\t<\/div>\n\t\t\t\t<\/div>\n\t\t\t\t<div class=\"elementor-element elementor-element-febf12f elementor-widget elementor-widget-heading\" data-id=\"febf12f\" data-element_type=\"widget\" data-e-type=\"widget\" data-widget_type=\"heading.default\">\n\t\t\t\t<div class=\"elementor-widget-container\">\n\t\t\t\t\t<h4 class=\"elementor-heading-title elementor-size-default\">7. Verwendung von Cookies :<\/h4>\t\t\t\t<\/div>\n\t\t\t\t<\/div>\n\t\t\t\t<div class=\"elementor-element elementor-element-e80b35c elementor-widget elementor-widget-text-editor\" data-id=\"e80b35c\" data-element_type=\"widget\" data-e-type=\"widget\" data-widget_type=\"text-editor.default\">\n\t\t\t\t<div class=\"elementor-widget-container\">\n\t\t\t\t\t\t\t\t\t<p>7.1. Die Website verwendet verschiedene Arten von Cookies, deren Umfang und Funktionalit\u00e4t im Folgenden erl\u00e4utert werden:<br \/>7.2. Transiente Cookies werden automatisch gel\u00f6scht, wenn Sie den Browser verlassen. Dazu geh\u00f6ren insbesondere die sogenannten Sitzungscookies (\"session cookies\"). Diese speichern eine Sitzungs-ID, mit der verschiedene Anfragen Ihres Browsers zugeordnet werden k\u00f6nnen. Sitzungscookies werden gel\u00f6scht, wenn Sie sich ausloggen oder Ihren Browser schlie\u00dfen.<br \/>7.3. Dauerhafte Cookies werden nach einer bestimmten Zeit, die je nach Cookie unterschiedlich sein kann, automatisch gel\u00f6scht. Diese erm\u00f6glichen es Ihrem Computer, bei Ihrem n\u00e4chsten Besuch auf unserer Website wiedererkannt zu werden. Sie k\u00f6nnen die Cookies jederzeit in den Sicherheitseinstellungen Ihres Browsers l\u00f6schen.<br \/>7.4. Sie k\u00f6nnen die Einstellungen Ihres Browsers nach Ihren W\u00fcnschen konfigurieren und z. B. Cookies von Drittanbietern oder alle Cookies ablehnen. Bitte beachten Sie, dass Sie m\u00f6glicherweise nicht alle Funktionen dieser Plattform nutzen k\u00f6nnen, wenn Sie Cookies ablehnen.<\/p>\t\t\t\t\t\t\t\t<\/div>\n\t\t\t\t<\/div>\n\t\t\t\t<div class=\"elementor-element elementor-element-718414c elementor-widget elementor-widget-heading\" data-id=\"718414c\" data-element_type=\"widget\" data-e-type=\"widget\" data-widget_type=\"heading.default\">\n\t\t\t\t<div class=\"elementor-widget-container\">\n\t\t\t\t\t<h4 class=\"elementor-heading-title elementor-size-default\">8. Ihre Rechte :<\/h4>\t\t\t\t<\/div>\n\t\t\t\t<\/div>\n\t\t\t\t<div class=\"elementor-element elementor-element-5ad92b8 elementor-widget elementor-widget-text-editor\" data-id=\"5ad92b8\" data-element_type=\"widget\" data-e-type=\"widget\" data-widget_type=\"text-editor.default\">\n\t\t\t\t<div class=\"elementor-widget-container\">\n\t\t\t\t\t\t\t\t\t<p>8.1. Sie haben die folgenden Rechte in Bezug auf die Sie betreffenden personenbezogenen Daten:<br \/>8.1.1. Auskunftsrecht \/ Recht auf Information \u00fcber die Datenverarbeitung<br \/>8.1.2. Recht auf Berichtigung oder L\u00f6schung von Daten<br \/>8.1.3. Recht auf Einschr\u00e4nkung der Datenverarbeitung<br \/>8.1.4. Recht auf Widerspruch gegen die Datenverarbeitung<br \/>8.1.5. Recht auf Daten\u00fcbertragbarkeit<br \/>8.2. Dar\u00fcber hinaus haben Sie das Recht, sich bei einer Aufsichtsbeh\u00f6rde, die f\u00fcr den Schutz Ihrer Daten zust\u00e4ndig ist, \u00fcber die Verarbeitung Ihrer personenbezogenen Daten zu beschweren.<\/p>\t\t\t\t\t\t\t\t<\/div>\n\t\t\t\t<\/div>\n\t\t\t\t<div class=\"elementor-element elementor-element-aa22c36 elementor-widget elementor-widget-text-editor\" data-id=\"aa22c36\" data-element_type=\"widget\" data-e-type=\"widget\" data-widget_type=\"text-editor.default\">\n\t\t\t\t<div class=\"elementor-widget-container\">\n\t\t\t\t\t\t\t\t\t<p>Letzte \u00c4nderung dieses Dokuments: 19.11.2022<\/p>\t\t\t\t\t\t\t\t<\/div>\n\t\t\t\t<\/div>\n\t\t\t\t<\/div>\n\t\t\t\t\t<\/div>\n\t\t\t\t<\/div>\n\t\t\t\t<\/div>","protected":false},"excerpt":{"rendered":"<p>POLITIQUE DE CONFIDENTIALIT\u00c9 Nous traitons les donn\u00e9es personnelles collect\u00e9es lors de votre visite sur oacp.ch conform\u00e9ment aux dispositions l\u00e9gales suisses applicables. Le site www.oacp.ch contient des liens vers des sites d\u2019autres fournisseurs auxquels cette d\u00e9claration de protection des donn\u00e9es ne s\u2019applique pas. Veuillez prendre quelques instants pour lire le document ci-dessous qui explique comment nous [&hellip;]<\/p>\n","protected":false},"author":1,"featured_media":0,"parent":0,"menu_order":0,"comment_status":"closed","ping_status":"closed","template":"","meta":{"footnotes":""},"class_list":["post-3","page","type-page","status-publish","hentry"],"_links":{"self":[{"href":"https:\/\/oacp.diamsmedia.ch\/de\/wp-json\/wp\/v2\/pages\/3","targetHints":{"allow":["GET"]}}],"collection":[{"href":"https:\/\/oacp.diamsmedia.ch\/de\/wp-json\/wp\/v2\/pages"}],"about":[{"href":"https:\/\/oacp.diamsmedia.ch\/de\/wp-json\/wp\/v2\/types\/page"}],"author":[{"embeddable":true,"href":"https:\/\/oacp.diamsmedia.ch\/de\/wp-json\/wp\/v2\/users\/1"}],"replies":[{"embeddable":true,"href":"https:\/\/oacp.diamsmedia.ch\/de\/wp-json\/wp\/v2\/comments?post=3"}],"version-history":[{"count":13,"href":"https:\/\/oacp.diamsmedia.ch\/de\/wp-json\/wp\/v2\/pages\/3\/revisions"}],"predecessor-version":[{"id":2048,"href":"https:\/\/oacp.diamsmedia.ch\/de\/wp-json\/wp\/v2\/pages\/3\/revisions\/2048"}],"wp:attachment":[{"href":"https:\/\/oacp.diamsmedia.ch\/de\/wp-json\/wp\/v2\/media?parent=3"}],"curies":[{"name":"wp","href":"https:\/\/api.w.org\/{rel}","templated":true}]}}