{"id":2,"date":"2024-07-26T08:56:02","date_gmt":"2024-07-26T06:56:02","guid":{"rendered":"https:\/\/czv-oacp-oaut.ch\/?page_id=2"},"modified":"2024-08-10T09:38:35","modified_gmt":"2024-08-10T07:38:35","slug":"home","status":"publish","type":"page","link":"https:\/\/oacp.diamsmedia.ch\/de\/","title":{"rendered":"Home"},"content":{"rendered":"<div data-elementor-type=\"wp-page\" data-elementor-id=\"2\" class=\"elementor elementor-2\" data-elementor-post-type=\"page\">\n\t\t\t\t<div class=\"elementor-element elementor-element-6dcf77e e-flex e-con-boxed e-con e-parent\" data-id=\"6dcf77e\" data-element_type=\"container\" data-e-type=\"container\" data-settings=\"{&quot;background_background&quot;:&quot;classic&quot;}\">\n\t\t\t\t\t<div class=\"e-con-inner\">\n\t\t\t\t\t<\/div>\n\t\t\t\t<\/div>\n\t\t<div class=\"elementor-element elementor-element-289332a e-flex e-con-boxed e-con e-parent\" data-id=\"289332a\" data-element_type=\"container\" data-e-type=\"container\">\n\t\t\t\t\t<div class=\"e-con-inner\">\n\t\t<a class=\"elementor-element elementor-element-d565f2f e-con-full e-flex e-con e-child\" data-id=\"d565f2f\" data-element_type=\"container\" data-e-type=\"container\" data-settings=\"{&quot;background_background&quot;:&quot;classic&quot;}\" href=\"https:\/\/oacp.ch\/\">\n\t\t\t\t<div class=\"elementor-element elementor-element-bc13a3e elementor-widget elementor-widget-heading\" data-id=\"bc13a3e\" data-element_type=\"widget\" data-e-type=\"widget\" data-widget_type=\"heading.default\">\n\t\t\t\t<div class=\"elementor-widget-container\">\n\t\t\t\t\t<h2 class=\"elementor-heading-title elementor-size-default\">oacp.ch<\/h2>\t\t\t\t<\/div>\n\t\t\t\t<\/div>\n\t\t<div class=\"elementor-element elementor-element-5b5d149 e-con-full e-flex e-con e-child\" data-id=\"5b5d149\" data-element_type=\"container\" data-e-type=\"container\" data-settings=\"{&quot;background_background&quot;:&quot;classic&quot;}\">\n\t\t\t\t<div class=\"elementor-element elementor-element-90b45b8 elementor-widget elementor-widget-image\" data-id=\"90b45b8\" data-element_type=\"widget\" data-e-type=\"widget\" data-widget_type=\"image.default\">\n\t\t\t\t<div class=\"elementor-widget-container\">\n\t\t\t\t\t\t\t\t\t\t\t\t\t\t\t<img decoding=\"async\" width=\"18\" height=\"12\" src=\"https:\/\/oacp.diamsmedia.ch\/wp-content\/uploads\/2024\/08\/fr.webp\" class=\"attachment-large size-large wp-image-431\" alt=\"\" \/>\t\t\t\t\t\t\t\t\t\t\t\t\t\t\t<\/div>\n\t\t\t\t<\/div>\n\t\t\t\t<div class=\"elementor-element elementor-element-4528d11 elementor-widget elementor-widget-heading\" data-id=\"4528d11\" data-element_type=\"widget\" data-e-type=\"widget\" data-widget_type=\"heading.default\">\n\t\t\t\t<div class=\"elementor-widget-container\">\n\t\t\t\t\t<h6 class=\"elementor-heading-title elementor-size-default\">R\u00e9server un cours en Fran\u00e7ais<\/h6>\t\t\t\t<\/div>\n\t\t\t\t<\/div>\n\t\t\t\t<\/div>\n\t\t\t\t<\/a>\n\t\t<a class=\"elementor-element elementor-element-f8e027b e-con-full e-flex e-con e-child\" data-id=\"f8e027b\" data-element_type=\"container\" data-e-type=\"container\" data-settings=\"{&quot;background_background&quot;:&quot;classic&quot;}\" href=\"https:\/\/czv.ch\/\">\n\t\t\t\t<div class=\"elementor-element elementor-element-1f69fae elementor-widget elementor-widget-heading\" data-id=\"1f69fae\" data-element_type=\"widget\" data-e-type=\"widget\" data-widget_type=\"heading.default\">\n\t\t\t\t<div class=\"elementor-widget-container\">\n\t\t\t\t\t<h2 class=\"elementor-heading-title elementor-size-default\">czv.ch<\/h2>\t\t\t\t<\/div>\n\t\t\t\t<\/div>\n\t\t<div class=\"elementor-element elementor-element-0a5bbbd e-con-full e-flex e-con e-child\" data-id=\"0a5bbbd\" data-element_type=\"container\" data-e-type=\"container\" data-settings=\"{&quot;background_background&quot;:&quot;classic&quot;}\">\n\t\t\t\t<div class=\"elementor-element elementor-element-bed570f elementor-widget elementor-widget-image\" data-id=\"bed570f\" data-element_type=\"widget\" data-e-type=\"widget\" data-widget_type=\"image.default\">\n\t\t\t\t<div class=\"elementor-widget-container\">\n\t\t\t\t\t\t\t\t\t\t\t\t\t\t\t<img decoding=\"async\" width=\"18\" height=\"12\" src=\"https:\/\/oacp.diamsmedia.ch\/wp-content\/uploads\/2024\/08\/de.webp\" class=\"attachment-large size-large wp-image-430\" alt=\"\" \/>\t\t\t\t\t\t\t\t\t\t\t\t\t\t\t<\/div>\n\t\t\t\t<\/div>\n\t\t\t\t<div class=\"elementor-element elementor-element-03e641b elementor-widget elementor-widget-heading\" data-id=\"03e641b\" data-element_type=\"widget\" data-e-type=\"widget\" data-widget_type=\"heading.default\">\n\t\t\t\t<div class=\"elementor-widget-container\">\n\t\t\t\t\t<h6 class=\"elementor-heading-title elementor-size-default\">R\u00e9server un cours en Allemand<\/h6>\t\t\t\t<\/div>\n\t\t\t\t<\/div>\n\t\t\t\t<\/div>\n\t\t\t\t<\/a>\n\t\t\t\t\t<\/div>\n\t\t\t\t<\/div>\n\t\t\t\t<\/div>","protected":false},"excerpt":{"rendered":"<p>oacp.ch R\u00e9server un cours en Fran\u00e7ais czv.ch R\u00e9server un cours en Allemand<\/p>","protected":false},"author":1,"featured_media":0,"parent":0,"menu_order":0,"comment_status":"closed","ping_status":"closed","template":"","meta":{"footnotes":""},"class_list":["post-2","page","type-page","status-publish","hentry"],"_links":{"self":[{"href":"https:\/\/oacp.diamsmedia.ch\/de\/wp-json\/wp\/v2\/pages\/2","targetHints":{"allow":["GET"]}}],"collection":[{"href":"https:\/\/oacp.diamsmedia.ch\/de\/wp-json\/wp\/v2\/pages"}],"about":[{"href":"https:\/\/oacp.diamsmedia.ch\/de\/wp-json\/wp\/v2\/types\/page"}],"author":[{"embeddable":true,"href":"https:\/\/oacp.diamsmedia.ch\/de\/wp-json\/wp\/v2\/users\/1"}],"replies":[{"embeddable":true,"href":"https:\/\/oacp.diamsmedia.ch\/de\/wp-json\/wp\/v2\/comments?post=2"}],"version-history":[{"count":65,"href":"https:\/\/oacp.diamsmedia.ch\/de\/wp-json\/wp\/v2\/pages\/2\/revisions"}],"predecessor-version":[{"id":1454,"href":"https:\/\/oacp.diamsmedia.ch\/de\/wp-json\/wp\/v2\/pages\/2\/revisions\/1454"}],"wp:attachment":[{"href":"https:\/\/oacp.diamsmedia.ch\/de\/wp-json\/wp\/v2\/media?parent=2"}],"curies":[{"name":"wp","href":"https:\/\/api.w.org\/{rel}","templated":true}]}}