{"id":1008,"date":"2024-08-05T16:06:34","date_gmt":"2024-08-05T14:06:34","guid":{"rendered":"https:\/\/czv-oacp-oaut.ch\/?page_id=1008"},"modified":"2024-11-06T13:20:57","modified_gmt":"2024-11-06T12:20:57","slug":"liste-actualites","status":"publish","type":"page","link":"https:\/\/oacp.diamsmedia.ch\/de\/admin-formation\/liste-actualites\/","title":{"rendered":"Liste Actualit\u00e9s"},"content":{"rendered":"\t\t<div data-elementor-type=\"wp-page\" data-elementor-id=\"1008\" class=\"elementor elementor-1008\" data-elementor-post-type=\"page\">\n\t\t\t\t<div class=\"elementor-element elementor-element-8802963 e-flex e-con-boxed e-con e-parent\" data-id=\"8802963\" data-element_type=\"container\" data-e-type=\"container\">\n\t\t\t\t\t<div class=\"e-con-inner\">\n\t\t<div class=\"elementor-element elementor-element-10409a2 e-con-full e-flex e-con e-child\" data-id=\"10409a2\" data-element_type=\"container\" data-e-type=\"container\">\n\t\t\t\t<div class=\"elementor-element elementor-element-c74e58b elementor-widget elementor-widget-heading\" data-id=\"c74e58b\" data-element_type=\"widget\" data-e-type=\"widget\" data-widget_type=\"heading.default\">\n\t\t\t\t<div class=\"elementor-widget-container\">\n\t\t\t\t\t<h2 class=\"elementor-heading-title elementor-size-default\">Mes actualit\u00e9s<\/h2>\t\t\t\t<\/div>\n\t\t\t\t<\/div>\n\t\t\t\t<div class=\"elementor-element elementor-element-c76cea2 elementor-widget elementor-widget-button\" data-id=\"c76cea2\" data-element_type=\"widget\" data-e-type=\"widget\" data-widget_type=\"button.default\">\n\t\t\t\t<div class=\"elementor-widget-container\">\n\t\t\t\t\t\t\t\t\t<div class=\"elementor-button-wrapper\">\n\t\t\t\t\t<a class=\"elementor-button elementor-button-link elementor-size-sm\" href=\"?i=new\">\n\t\t\t\t\t\t<span class=\"elementor-button-content-wrapper\">\n\t\t\t\t\t\t\t\t\t<span class=\"elementor-button-text\">Ajouter une actualit\u00e9<\/span>\n\t\t\t\t\t<\/span>\n\t\t\t\t\t<\/a>\n\t\t\t\t<\/div>\n\t\t\t\t\t\t\t\t<\/div>\n\t\t\t\t<\/div>\n\t\t\t\t<\/div>\n\t\t\t\t<div class=\"elementor-element elementor-element-f53e1be elementor-widget-divider--view-line elementor-widget elementor-widget-divider\" data-id=\"f53e1be\" data-element_type=\"widget\" data-e-type=\"widget\" data-widget_type=\"divider.default\">\n\t\t\t\t<div class=\"elementor-widget-container\">\n\t\t\t\t\t\t\t<div class=\"elementor-divider\">\n\t\t\t<span class=\"elementor-divider-separator\">\n\t\t\t\t\t\t<\/span>\n\t\t<\/div>\n\t\t\t\t\t\t<\/div>\n\t\t\t\t<\/div>\n\t\t<div class=\"elementor-element elementor-element-167ef64 e-con-full jedv-enabled--yes e-flex e-con e-child\" data-id=\"167ef64\" data-element_type=\"container\" data-e-type=\"container\">\n\t\t\t\t<div class=\"elementor-element elementor-element-402bdce elementor-widget elementor-widget-jet-listing-grid\" data-id=\"402bdce\" data-element_type=\"widget\" data-e-type=\"widget\" data-settings=\"{&quot;columns&quot;:&quot;1&quot;}\" data-widget_type=\"jet-listing-grid.default\">\n\t\t\t\t<div class=\"elementor-widget-container\">\n\t\t\t\t\t<div class=\"jet-listing-grid jet-listing\"><div class=\"jet-listing-grid__items grid-col-desk-1 grid-col-tablet-1 grid-col-mobile-1 jet-listing-grid--1026\" data-queried-id=\"1008|WP_Post\" data-nav=\"{&quot;enabled&quot;:false,&quot;type&quot;:null,&quot;more_el&quot;:null,&quot;query&quot;:[],&quot;widget_settings&quot;:{&quot;lisitng_id&quot;:1026,&quot;posts_num&quot;:6,&quot;columns&quot;:1,&quot;columns_tablet&quot;:1,&quot;columns_mobile&quot;:1,&quot;column_min_width&quot;:240,&quot;column_min_width_tablet&quot;:240,&quot;column_min_width_mobile&quot;:240,&quot;inline_columns_css&quot;:false,&quot;is_archive_template&quot;:&quot;&quot;,&quot;post_status&quot;:[&quot;publish&quot;],&quot;use_random_posts_num&quot;:&quot;&quot;,&quot;max_posts_num&quot;:9,&quot;not_found_message&quot;:&quot;Aucune actualit\\u00e9&quot;,&quot;is_masonry&quot;:false,&quot;equal_columns_height&quot;:&quot;&quot;,&quot;use_load_more&quot;:&quot;&quot;,&quot;load_more_id&quot;:&quot;&quot;,&quot;load_more_type&quot;:&quot;click&quot;,&quot;load_more_offset&quot;:{&quot;unit&quot;:&quot;px&quot;,&quot;size&quot;:0,&quot;sizes&quot;:[]},&quot;use_custom_post_types&quot;:&quot;&quot;,&quot;custom_post_types&quot;:[],&quot;hide_widget_if&quot;:&quot;&quot;,&quot;carousel_enabled&quot;:&quot;&quot;,&quot;slides_to_scroll&quot;:&quot;1&quot;,&quot;arrows&quot;:&quot;true&quot;,&quot;arrow_icon&quot;:&quot;fa fa-angle-left&quot;,&quot;dots&quot;:&quot;&quot;,&quot;autoplay&quot;:&quot;true&quot;,&quot;pause_on_hover&quot;:&quot;true&quot;,&quot;autoplay_speed&quot;:5000,&quot;infinite&quot;:&quot;true&quot;,&quot;center_mode&quot;:&quot;&quot;,&quot;effect&quot;:&quot;slide&quot;,&quot;speed&quot;:500,&quot;inject_alternative_items&quot;:&quot;&quot;,&quot;injection_items&quot;:[],&quot;scroll_slider_enabled&quot;:&quot;&quot;,&quot;scroll_slider_on&quot;:[&quot;desktop&quot;,&quot;tablet&quot;,&quot;mobile&quot;],&quot;custom_query&quot;:&quot;yes&quot;,&quot;custom_query_id&quot;:&quot;8&quot;,&quot;_element_id&quot;:&quot;&quot;,&quot;collapse_first_last_gap&quot;:false,&quot;list_tag_selection&quot;:&quot;&quot;,&quot;list_items_wrapper_tag&quot;:&quot;div&quot;,&quot;list_item_tag&quot;:&quot;div&quot;,&quot;empty_items_wrapper_tag&quot;:&quot;div&quot;}}\" data-page=\"1\" data-pages=\"1\" data-listing-source=\"query\" data-listing-id=\"1026\" data-query-id=\"8\"><div class=\"jet-listing-grid__item jet-listing-dynamic-post-2875\" data-post-id=\"2875\"  >\t\t<div data-elementor-type=\"jet-listing-items\" data-elementor-id=\"1026\" class=\"elementor elementor-1026\" data-elementor-post-type=\"jet-engine\">\n\t\t\t\t<div class=\"elementor-element elementor-element-17e875b e-flex e-con-boxed e-con e-parent\" data-id=\"17e875b\" data-element_type=\"container\" data-e-type=\"container\" data-settings=\"{&quot;background_background&quot;:&quot;classic&quot;}\">\n\t\t\t\t\t<div class=\"e-con-inner\">\n\t\t<div class=\"elementor-element elementor-element-b6a8ce9 e-con-full e-flex e-con e-child\" data-id=\"b6a8ce9\" data-element_type=\"container\" data-e-type=\"container\">\n\t\t\t\t<div class=\"elementor-element elementor-element-72d8153 elementor-widget elementor-widget-image\" data-id=\"72d8153\" data-element_type=\"widget\" data-e-type=\"widget\" data-widget_type=\"image.default\">\n\t\t\t\t<div class=\"elementor-widget-container\">\n\t\t\t\t\t\t\t\t\t\t\t\t\t\t\t<img fetchpriority=\"high\" decoding=\"async\" width=\"500\" height=\"500\" src=\"https:\/\/oacp.diamsmedia.ch\/wp-content\/uploads\/jet-engine-forms\/27\/2024\/10\/adr_sm.png\" class=\"attachment-large size-large wp-image-2874\" alt=\"\" srcset=\"https:\/\/oacp.diamsmedia.ch\/wp-content\/uploads\/jet-engine-forms\/27\/2024\/10\/adr_sm.png 500w, https:\/\/oacp.diamsmedia.ch\/wp-content\/uploads\/jet-engine-forms\/27\/2024\/10\/adr_sm-300x300.png 300w, https:\/\/oacp.diamsmedia.ch\/wp-content\/uploads\/jet-engine-forms\/27\/2024\/10\/adr_sm-150x150.png 150w, https:\/\/oacp.diamsmedia.ch\/wp-content\/uploads\/jet-engine-forms\/27\/2024\/10\/adr_sm-96x96.png 96w, https:\/\/oacp.diamsmedia.ch\/wp-content\/uploads\/jet-engine-forms\/27\/2024\/10\/adr_sm-42x42.png 42w, https:\/\/oacp.diamsmedia.ch\/wp-content\/uploads\/jet-engine-forms\/27\/2024\/10\/adr_sm-60x60.png 60w, https:\/\/oacp.diamsmedia.ch\/wp-content\/uploads\/jet-engine-forms\/27\/2024\/10\/adr_sm-12x12.png 12w, https:\/\/oacp.diamsmedia.ch\/wp-content\/uploads\/jet-engine-forms\/27\/2024\/10\/adr_sm-100x100.png 100w\" sizes=\"(max-width: 500px) 100vw, 500px\" \/>\t\t\t\t\t\t\t\t\t\t\t\t\t\t\t<\/div>\n\t\t\t\t<\/div>\n\t\t\t\t<\/div>\n\t\t<div class=\"elementor-element elementor-element-b71aa05 e-con-full e-flex e-con e-child\" data-id=\"b71aa05\" data-element_type=\"container\" data-e-type=\"container\">\n\t\t\t\t<div class=\"elementor-element elementor-element-f6dd58f elementor-widget elementor-widget-heading\" data-id=\"f6dd58f\" data-element_type=\"widget\" data-e-type=\"widget\" data-widget_type=\"heading.default\">\n\t\t\t\t<div class=\"elementor-widget-container\">\n\t\t\t\t\t<h5 class=\"elementor-heading-title elementor-size-default\">Cours ADR-SDR en Valais<\/h5>\t\t\t\t<\/div>\n\t\t\t\t<\/div>\n\t\t\t\t<div class=\"elementor-element elementor-element-47db4e8 elementor-widget elementor-widget-button\" data-id=\"47db4e8\" data-element_type=\"widget\" data-e-type=\"widget\" data-widget_type=\"button.default\">\n\t\t\t\t<div class=\"elementor-widget-container\">\n\t\t\t\t\t\t\t\t\t<div class=\"elementor-button-wrapper\">\n\t\t\t\t\t<a class=\"elementor-button elementor-button-link elementor-size-sm\" href=\"?pid=2875\">\n\t\t\t\t\t\t<span class=\"elementor-button-content-wrapper\">\n\t\t\t\t\t\t\t\t\t<span class=\"elementor-button-text\">Modifier<\/span>\n\t\t\t\t\t<\/span>\n\t\t\t\t\t<\/a>\n\t\t\t\t<\/div>\n\t\t\t\t\t\t\t\t<\/div>\n\t\t\t\t<\/div>\n\t\t\t\t<\/div>\n\t\t\t\t\t<\/div>\n\t\t\t\t<\/div>\n\t\t\t\t<\/div>\n\t\t<\/div><\/div><\/div>\t\t\t\t<\/div>\n\t\t\t\t<\/div>\n\t\t\t\t<\/div>\n\t\t\t\t\t<\/div>\n\t\t\t\t<\/div>\n\t\t\t\t<\/div>\n\t\t","protected":false},"excerpt":{"rendered":"<p>Mes actualit\u00e9s Ajouter une actualit\u00e9 Aucune actualit\u00e9 Prochainement disponible Information Publiez Vos Actualit\u00e9s sur OACP.ch Gr\u00e2ce \u00e0 la notori\u00e9t\u00e9 d&rsquo;OACP.ch et au nombre constant de visiteurs sur le site, publier vos actualit\u00e9s gratuitement permet de toucher un large public de chauffeurs en Suisse. C&rsquo;est une opportunit\u00e9 unique pour promouvoir vos nouvelles, \u00e9v\u00e9nements et informations importantes. [&hellip;]<\/p>\n","protected":false},"author":1,"featured_media":0,"parent":9,"menu_order":0,"comment_status":"closed","ping_status":"closed","template":"","meta":{"footnotes":""},"class_list":["post-1008","page","type-page","status-publish","hentry"],"_links":{"self":[{"href":"https:\/\/oacp.diamsmedia.ch\/de\/wp-json\/wp\/v2\/pages\/1008","targetHints":{"allow":["GET"]}}],"collection":[{"href":"https:\/\/oacp.diamsmedia.ch\/de\/wp-json\/wp\/v2\/pages"}],"about":[{"href":"https:\/\/oacp.diamsmedia.ch\/de\/wp-json\/wp\/v2\/types\/page"}],"author":[{"embeddable":true,"href":"https:\/\/oacp.diamsmedia.ch\/de\/wp-json\/wp\/v2\/users\/1"}],"replies":[{"embeddable":true,"href":"https:\/\/oacp.diamsmedia.ch\/de\/wp-json\/wp\/v2\/comments?post=1008"}],"version-history":[{"count":28,"href":"https:\/\/oacp.diamsmedia.ch\/de\/wp-json\/wp\/v2\/pages\/1008\/revisions"}],"predecessor-version":[{"id":3284,"href":"https:\/\/oacp.diamsmedia.ch\/de\/wp-json\/wp\/v2\/pages\/1008\/revisions\/3284"}],"up":[{"embeddable":true,"href":"https:\/\/oacp.diamsmedia.ch\/de\/wp-json\/wp\/v2\/pages\/9"}],"wp:attachment":[{"href":"https:\/\/oacp.diamsmedia.ch\/de\/wp-json\/wp\/v2\/media?parent=1008"}],"curies":[{"name":"wp","href":"https:\/\/api.w.org\/{rel}","templated":true}]}}